{"id":17,"date":"2023-10-29T23:28:44","date_gmt":"2023-10-30T02:28:44","guid":{"rendered":"https:\/\/onixchaveiro24horas.com.br\/?page_id=17"},"modified":"2023-10-30T16:31:04","modified_gmt":"2023-10-30T19:31:04","slug":"elementor-17","status":"publish","type":"page","link":"https:\/\/onixchaveiro24horas.com.br\/","title":{"rendered":""},"content":{"rendered":"\t\t<div data-elementor-type=\"wp-post\" data-elementor-id=\"17\" class=\"elementor elementor-17\">\n\t\t\t\t\t\t\t<div class=\"elementor-element elementor-element-e5bb575 e-flex e-con-boxed e-con e-parent\" data-id=\"e5bb575\" data-element_type=\"container\" data-settings=\"{&quot;content_width&quot;:&quot;boxed&quot;}\" data-core-v316-plus=\"true\">\n\t\t\t\t\t<div class=\"e-con-inner\">\n\t\t<div class=\"elementor-element elementor-element-def600a e-con-full e-flex e-con e-child\" data-id=\"def600a\" data-element_type=\"container\" data-settings=\"{&quot;content_width&quot;:&quot;full&quot;}\">\n\t\t\t\t<div class=\"elementor-element elementor-element-0a0e74e elementor-widget elementor-widget-image\" data-id=\"0a0e74e\" data-element_type=\"widget\" data-widget_type=\"image.default\">\n\t\t\t\t<div class=\"elementor-widget-container\">\n\t\t\t<style>\/*! elementor - v3.17.0 - 25-10-2023 *\/\n.elementor-widget-image{text-align:center}.elementor-widget-image a{display:inline-block}.elementor-widget-image a img[src$=\".svg\"]{width:48px}.elementor-widget-image img{vertical-align:middle;display:inline-block}<\/style>\t\t\t\t\t\t\t\t\t\t\t\t<img fetchpriority=\"high\" decoding=\"async\" width=\"300\" height=\"300\" src=\"https:\/\/onixchaveiro24horas.com.br\/wp-content\/uploads\/2023\/10\/cropped-1-1-300x300.jpg\" class=\"attachment-medium size-medium wp-image-21\" alt=\"\" srcset=\"https:\/\/onixchaveiro24horas.com.br\/wp-content\/uploads\/2023\/10\/cropped-1-1-300x300.jpg 300w, https:\/\/onixchaveiro24horas.com.br\/wp-content\/uploads\/2023\/10\/cropped-1-1-150x150.jpg 150w, https:\/\/onixchaveiro24horas.com.br\/wp-content\/uploads\/2023\/10\/cropped-1-1-270x270.jpg 270w, https:\/\/onixchaveiro24horas.com.br\/wp-content\/uploads\/2023\/10\/cropped-1-1-192x192.jpg 192w, https:\/\/onixchaveiro24horas.com.br\/wp-content\/uploads\/2023\/10\/cropped-1-1-180x180.jpg 180w, https:\/\/onixchaveiro24horas.com.br\/wp-content\/uploads\/2023\/10\/cropped-1-1-32x32.jpg 32w, https:\/\/onixchaveiro24horas.com.br\/wp-content\/uploads\/2023\/10\/elementor\/thumbs\/cropped-1-1-qelpp0tcu69cfjxsfawt2dmueq6isoydjl9g8sye88.jpg 500w, https:\/\/onixchaveiro24horas.com.br\/wp-content\/uploads\/2023\/10\/cropped-1-1.jpg 512w\" sizes=\"(max-width: 300px) 100vw, 300px\" \/>\t\t\t\t\t\t\t\t\t\t\t\t\t\t\t<\/div>\n\t\t\t\t<\/div>\n\t\t\t\t<\/div>\n\t\t<div class=\"elementor-element elementor-element-8a0f656 e-con-full e-flex e-con e-child\" data-id=\"8a0f656\" data-element_type=\"container\" data-settings=\"{&quot;content_width&quot;:&quot;full&quot;}\">\n\t\t\t\t<div class=\"elementor-element elementor-element-185a71d elementor-align-center elementor-widget__width-initial elementor-widget elementor-widget-button\" data-id=\"185a71d\" data-element_type=\"widget\" data-widget_type=\"button.default\">\n\t\t\t\t<div class=\"elementor-widget-container\">\n\t\t\t\t\t<div class=\"elementor-button-wrapper\">\n\t\t\t<a class=\"elementor-button elementor-button-link elementor-size-md\" href=\"tel:982696882\">\n\t\t\t\t\t\t<span class=\"elementor-button-content-wrapper\">\n\t\t\t\t\t\t<span class=\"elementor-button-icon elementor-align-icon-left\">\n\t\t\t\t<i aria-hidden=\"true\" class=\"fas fa-phone-alt\"><\/i>\t\t\t<\/span>\n\t\t\t\t\t\t<span class=\"elementor-button-text\">LIGUE AGORA<\/span>\n\t\t<\/span>\n\t\t\t\t\t<\/a>\n\t\t<\/div>\n\t\t\t\t<\/div>\n\t\t\t\t<\/div>\n\t\t\t\t<\/div>\n\t\t<div class=\"elementor-element elementor-element-0e7d94c e-con-full e-flex e-con e-child\" data-id=\"0e7d94c\" data-element_type=\"container\" data-settings=\"{&quot;content_width&quot;:&quot;full&quot;}\">\n\t\t\t\t<div class=\"elementor-element elementor-element-68c2dc4 elementor-align-center elementor-widget elementor-widget-button\" data-id=\"68c2dc4\" data-element_type=\"widget\" data-widget_type=\"button.default\">\n\t\t\t\t<div class=\"elementor-widget-container\">\n\t\t\t\t\t<div class=\"elementor-button-wrapper\">\n\t\t\t<a class=\"elementor-button elementor-button-link elementor-size-md\" href=\"https:\/\/wa.me\/5521982696882?text=Ol%C3%A1%2C+venho+direto+do+Site+%21+Preciso+de+ajuda+%21\">\n\t\t\t\t\t\t<span class=\"elementor-button-content-wrapper\">\n\t\t\t\t\t\t<span class=\"elementor-button-icon elementor-align-icon-left\">\n\t\t\t\t<i aria-hidden=\"true\" class=\"fab fa-whatsapp\"><\/i>\t\t\t<\/span>\n\t\t\t\t\t\t<span class=\"elementor-button-text\">Whatsapp<\/span>\n\t\t<\/span>\n\t\t\t\t\t<\/a>\n\t\t<\/div>\n\t\t\t\t<\/div>\n\t\t\t\t<\/div>\n\t\t\t\t<\/div>\n\t\t\t\t\t<\/div>\n\t\t\t\t<\/div>\n\t\t<div class=\"elementor-element elementor-element-3444bb0 e-flex e-con-boxed e-con e-parent\" data-id=\"3444bb0\" data-element_type=\"container\" data-settings=\"{&quot;content_width&quot;:&quot;boxed&quot;}\" data-core-v316-plus=\"true\">\n\t\t\t\t\t<div class=\"e-con-inner\">\n\t\t\t\t<div class=\"elementor-element elementor-element-390764c elementor-invisible elementor-widget elementor-widget-heading\" data-id=\"390764c\" data-element_type=\"widget\" data-settings=\"{&quot;_animation&quot;:&quot;fadeInLeft&quot;}\" data-widget_type=\"heading.default\">\n\t\t\t\t<div class=\"elementor-widget-container\">\n\t\t\t<style>\/*! elementor - v3.17.0 - 25-10-2023 *\/\n.elementor-heading-title{padding:0;margin:0;line-height:1}.elementor-widget-heading .elementor-heading-title[class*=elementor-size-]>a{color:inherit;font-size:inherit;line-height:inherit}.elementor-widget-heading .elementor-heading-title.elementor-size-small{font-size:15px}.elementor-widget-heading .elementor-heading-title.elementor-size-medium{font-size:19px}.elementor-widget-heading .elementor-heading-title.elementor-size-large{font-size:29px}.elementor-widget-heading .elementor-heading-title.elementor-size-xl{font-size:39px}.elementor-widget-heading .elementor-heading-title.elementor-size-xxl{font-size:59px}<\/style><h2 class=\"elementor-heading-title elementor-size-xl\">Atendimento Imediato <\/h2>\t\t<\/div>\n\t\t\t\t<\/div>\n\t\t\t\t\t<\/div>\n\t\t\t\t<\/div>\n\t\t<div class=\"elementor-element elementor-element-3c1c461 e-flex e-con-boxed e-con e-parent\" data-id=\"3c1c461\" data-element_type=\"container\" data-settings=\"{&quot;content_width&quot;:&quot;boxed&quot;}\" data-core-v316-plus=\"true\">\n\t\t\t\t\t<div class=\"e-con-inner\">\n\t\t\t\t<div class=\"elementor-element elementor-element-ce5da14 elementor-widget elementor-widget-text-editor\" data-id=\"ce5da14\" data-element_type=\"widget\" data-widget_type=\"text-editor.default\">\n\t\t\t\t<div class=\"elementor-widget-container\">\n\t\t\t<style>\/*! elementor - v3.17.0 - 25-10-2023 *\/\n.elementor-widget-text-editor.elementor-drop-cap-view-stacked .elementor-drop-cap{background-color:#69727d;color:#fff}.elementor-widget-text-editor.elementor-drop-cap-view-framed .elementor-drop-cap{color:#69727d;border:3px solid;background-color:transparent}.elementor-widget-text-editor:not(.elementor-drop-cap-view-default) .elementor-drop-cap{margin-top:8px}.elementor-widget-text-editor:not(.elementor-drop-cap-view-default) .elementor-drop-cap-letter{width:1em;height:1em}.elementor-widget-text-editor .elementor-drop-cap{float:left;text-align:center;line-height:1;font-size:50px}.elementor-widget-text-editor .elementor-drop-cap-letter{display:inline-block}<\/style>\t\t\t\t<p><strong><span style=\"vertical-align: inherit;\"><span style=\"vertical-align: inherit;\"><span style=\"vertical-align: inherit;\"><span style=\"vertical-align: inherit;\">Atendemos todos os bairros do Rio de Janeiro: Copacabana;\u00a0 Ipanema;\u00a0 Leblon;\u00a0 Leme;\u00a0 Humait\u00e1;\u00a0 Laranjeiras;\u00a0 Botafogo;\u00a0 Flamengo;\u00a0 Gl\u00f3ria;\u00a0 Centro RJ;\u00a0 Lapa;\u00a0 Catete;\u00a0 Santa Teresa;\u00a0 Rio Comprido;\u00a0 Tijuca;\u00a0 Meier;\u00a0 Vila Isabel;\u00a0 Barra da Tijuca, dentre outros&#8230; Tempo de chegada de 15 a 30 minutos.<\/span><\/span><\/span><\/span><\/strong><\/p>\t\t\t\t\t\t<\/div>\n\t\t\t\t<\/div>\n\t\t\t\t\t<\/div>\n\t\t\t\t<\/div>\n\t\t<div class=\"elementor-element elementor-element-c947fb4 e-flex e-con-boxed e-con e-parent\" data-id=\"c947fb4\" data-element_type=\"container\" data-settings=\"{&quot;content_width&quot;:&quot;boxed&quot;}\" data-core-v316-plus=\"true\">\n\t\t\t\t\t<div class=\"e-con-inner\">\n\t\t\t\t<div class=\"elementor-element elementor-element-210cc8f elementor-invisible elementor-widget elementor-widget-heading\" data-id=\"210cc8f\" data-element_type=\"widget\" data-settings=\"{&quot;_animation&quot;:&quot;fadeInLeft&quot;}\" data-widget_type=\"heading.default\">\n\t\t\t\t<div class=\"elementor-widget-container\">\n\t\t\t<h2 class=\"elementor-heading-title elementor-size-xl\">Nossos Servi\u00e7os<\/h2>\t\t<\/div>\n\t\t\t\t<\/div>\n\t\t\t\t\t<\/div>\n\t\t\t\t<\/div>\n\t\t<div class=\"elementor-element elementor-element-6acc5cc e-flex e-con-boxed e-con e-parent\" data-id=\"6acc5cc\" data-element_type=\"container\" data-settings=\"{&quot;content_width&quot;:&quot;boxed&quot;}\" data-core-v316-plus=\"true\">\n\t\t\t\t\t<div class=\"e-con-inner\">\n\t\t\t\t<div class=\"elementor-element elementor-element-08170ad elementor-widget elementor-widget-text-editor\" data-id=\"08170ad\" data-element_type=\"widget\" data-widget_type=\"text-editor.default\">\n\t\t\t\t<div class=\"elementor-widget-container\">\n\t\t\t\t\t\t\t<p><strong>Abertura de portas, troca de segredos, instala\u00e7\u00e3o de fechaduras normais e eletr\u00f4nicas, abertura de carros, chaves codificadas e cofres. Oferecemos garantia de todos os servi\u00e7os prestados e nota fiscal.<\/strong><\/p>\t\t\t\t\t\t<\/div>\n\t\t\t\t<\/div>\n\t\t\t\t\t<\/div>\n\t\t\t\t<\/div>\n\t\t<div class=\"elementor-element elementor-element-b20e12f e-flex e-con-boxed e-con e-parent\" data-id=\"b20e12f\" data-element_type=\"container\" data-settings=\"{&quot;content_width&quot;:&quot;boxed&quot;}\" data-core-v316-plus=\"true\">\n\t\t\t\t\t<div class=\"e-con-inner\">\n\t\t<div class=\"elementor-element elementor-element-b1c7c0f e-con-full e-flex e-con e-child\" data-id=\"b1c7c0f\" data-element_type=\"container\" data-settings=\"{&quot;content_width&quot;:&quot;full&quot;}\">\n\t\t\t\t<div class=\"elementor-element elementor-element-c480f5d elementor-widget elementor-widget-image\" data-id=\"c480f5d\" data-element_type=\"widget\" data-widget_type=\"image.default\">\n\t\t\t\t<div class=\"elementor-widget-container\">\n\t\t\t\t\t\t\t\t\t\t\t\t\t\t\t<img decoding=\"async\" width=\"300\" height=\"218\" src=\"https:\/\/onixchaveiro24horas.com.br\/wp-content\/uploads\/2023\/10\/dfe4a8af46123a5432c6401c72669e631-354d37ee444d8426ee15292875330380-1024-1024-300x218.jpg\" class=\"attachment-medium size-medium wp-image-55\" alt=\"\" srcset=\"https:\/\/onixchaveiro24horas.com.br\/wp-content\/uploads\/2023\/10\/dfe4a8af46123a5432c6401c72669e631-354d37ee444d8426ee15292875330380-1024-1024-300x218.jpg 300w, https:\/\/onixchaveiro24horas.com.br\/wp-content\/uploads\/2023\/10\/dfe4a8af46123a5432c6401c72669e631-354d37ee444d8426ee15292875330380-1024-1024.jpg 550w\" sizes=\"(max-width: 300px) 100vw, 300px\" \/>\t\t\t\t\t\t\t\t\t\t\t\t\t\t\t<\/div>\n\t\t\t\t<\/div>\n\t\t\t\t<div class=\"elementor-element elementor-element-dcdc09b elementor-widget elementor-widget-heading\" data-id=\"dcdc09b\" data-element_type=\"widget\" data-widget_type=\"heading.default\">\n\t\t\t\t<div class=\"elementor-widget-container\">\n\t\t\t<h2 class=\"elementor-heading-title elementor-size-default\">Aberturas de Carros<\/h2>\t\t<\/div>\n\t\t\t\t<\/div>\n\t\t\t\t<\/div>\n\t\t<div class=\"elementor-element elementor-element-6da462d e-con-full e-flex e-con e-child\" data-id=\"6da462d\" data-element_type=\"container\" data-settings=\"{&quot;content_width&quot;:&quot;full&quot;}\">\n\t\t\t\t<div class=\"elementor-element elementor-element-f1d5370 elementor-widget elementor-widget-image\" data-id=\"f1d5370\" data-element_type=\"widget\" data-widget_type=\"image.default\">\n\t\t\t\t<div class=\"elementor-widget-container\">\n\t\t\t\t\t\t\t\t\t\t\t\t\t\t\t<img decoding=\"async\" width=\"300\" height=\"199\" src=\"https:\/\/onixchaveiro24horas.com.br\/wp-content\/uploads\/2023\/10\/chaveiro-goiania-1024x680-1-300x199.png\" class=\"attachment-medium size-medium wp-image-50\" alt=\"\" srcset=\"https:\/\/onixchaveiro24horas.com.br\/wp-content\/uploads\/2023\/10\/chaveiro-goiania-1024x680-1-300x199.png 300w, https:\/\/onixchaveiro24horas.com.br\/wp-content\/uploads\/2023\/10\/chaveiro-goiania-1024x680-1-768x510.png 768w, https:\/\/onixchaveiro24horas.com.br\/wp-content\/uploads\/2023\/10\/chaveiro-goiania-1024x680-1.png 1024w\" sizes=\"(max-width: 300px) 100vw, 300px\" \/>\t\t\t\t\t\t\t\t\t\t\t\t\t\t\t<\/div>\n\t\t\t\t<\/div>\n\t\t\t\t<div class=\"elementor-element elementor-element-35a703b elementor-widget elementor-widget-heading\" data-id=\"35a703b\" data-element_type=\"widget\" data-widget_type=\"heading.default\">\n\t\t\t\t<div class=\"elementor-widget-container\">\n\t\t\t<h2 class=\"elementor-heading-title elementor-size-default\">Instala\u00e7\u00e3o de Fechaduras<\/h2>\t\t<\/div>\n\t\t\t\t<\/div>\n\t\t\t\t<\/div>\n\t\t<div class=\"elementor-element elementor-element-b45fa8d e-con-full e-flex e-con e-child\" data-id=\"b45fa8d\" data-element_type=\"container\" data-settings=\"{&quot;content_width&quot;:&quot;full&quot;}\">\n\t\t\t\t<div class=\"elementor-element elementor-element-35b034d elementor-widget elementor-widget-image\" data-id=\"35b034d\" data-element_type=\"widget\" data-widget_type=\"image.default\">\n\t\t\t\t<div class=\"elementor-widget-container\">\n\t\t\t\t\t\t\t\t\t\t\t\t\t\t\t<img loading=\"lazy\" decoding=\"async\" width=\"300\" height=\"300\" src=\"https:\/\/onixchaveiro24horas.com.br\/wp-content\/uploads\/2023\/10\/abertura-de-porta-300x300.jpg\" class=\"attachment-medium size-medium wp-image-52\" alt=\"\" srcset=\"https:\/\/onixchaveiro24horas.com.br\/wp-content\/uploads\/2023\/10\/abertura-de-porta-300x300.jpg 300w, https:\/\/onixchaveiro24horas.com.br\/wp-content\/uploads\/2023\/10\/abertura-de-porta-150x150.jpg 150w, https:\/\/onixchaveiro24horas.com.br\/wp-content\/uploads\/2023\/10\/abertura-de-porta-768x768.jpg 768w, https:\/\/onixchaveiro24horas.com.br\/wp-content\/uploads\/2023\/10\/abertura-de-porta.jpg 800w\" sizes=\"(max-width: 300px) 100vw, 300px\" \/>\t\t\t\t\t\t\t\t\t\t\t\t\t\t\t<\/div>\n\t\t\t\t<\/div>\n\t\t\t\t<div class=\"elementor-element elementor-element-3fc03da elementor-widget elementor-widget-heading\" data-id=\"3fc03da\" data-element_type=\"widget\" data-widget_type=\"heading.default\">\n\t\t\t\t<div class=\"elementor-widget-container\">\n\t\t\t<h2 class=\"elementor-heading-title elementor-size-default\">Aberturas de Portas<\/h2>\t\t<\/div>\n\t\t\t\t<\/div>\n\t\t\t\t<\/div>\n\t\t<div class=\"elementor-element elementor-element-5340f11 e-con-full e-flex e-con e-child\" data-id=\"5340f11\" data-element_type=\"container\" data-settings=\"{&quot;content_width&quot;:&quot;full&quot;}\">\n\t\t\t\t<div class=\"elementor-element elementor-element-3db049a elementor-widget elementor-widget-image\" data-id=\"3db049a\" data-element_type=\"widget\" data-widget_type=\"image.default\">\n\t\t\t\t<div class=\"elementor-widget-container\">\n\t\t\t\t\t\t\t\t\t\t\t\t\t\t\t<img loading=\"lazy\" decoding=\"async\" width=\"300\" height=\"200\" src=\"https:\/\/onixchaveiro24horas.com.br\/wp-content\/uploads\/2023\/10\/istockphoto-1354729890-612x612-1-300x200.webp\" class=\"attachment-medium size-medium wp-image-53\" alt=\"\" srcset=\"https:\/\/onixchaveiro24horas.com.br\/wp-content\/uploads\/2023\/10\/istockphoto-1354729890-612x612-1-300x200.webp 300w, https:\/\/onixchaveiro24horas.com.br\/wp-content\/uploads\/2023\/10\/istockphoto-1354729890-612x612-1.webp 612w\" sizes=\"(max-width: 300px) 100vw, 300px\" \/>\t\t\t\t\t\t\t\t\t\t\t\t\t\t\t<\/div>\n\t\t\t\t<\/div>\n\t\t\t\t<div class=\"elementor-element elementor-element-2ee6704 elementor-widget elementor-widget-heading\" data-id=\"2ee6704\" data-element_type=\"widget\" data-widget_type=\"heading.default\">\n\t\t\t\t<div class=\"elementor-widget-container\">\n\t\t\t<h2 class=\"elementor-heading-title elementor-size-default\">Chaves Codificadas Nacionais e Importadas<\/h2>\t\t<\/div>\n\t\t\t\t<\/div>\n\t\t\t\t<\/div>\n\t\t<div class=\"elementor-element elementor-element-9ca190f e-con-full e-flex e-con e-child\" data-id=\"9ca190f\" data-element_type=\"container\" data-settings=\"{&quot;content_width&quot;:&quot;full&quot;}\">\n\t\t\t\t<div class=\"elementor-element elementor-element-220914f elementor-widget elementor-widget-image\" data-id=\"220914f\" data-element_type=\"widget\" data-widget_type=\"image.default\">\n\t\t\t\t<div class=\"elementor-widget-container\">\n\t\t\t\t\t\t\t\t\t\t\t\t\t\t\t<img loading=\"lazy\" decoding=\"async\" width=\"300\" height=\"205\" src=\"https:\/\/onixchaveiro24horas.com.br\/wp-content\/uploads\/2023\/10\/63-300x205.jpg\" class=\"attachment-medium size-medium wp-image-54\" alt=\"\" srcset=\"https:\/\/onixchaveiro24horas.com.br\/wp-content\/uploads\/2023\/10\/63-300x205.jpg 300w, https:\/\/onixchaveiro24horas.com.br\/wp-content\/uploads\/2023\/10\/63-768x525.jpg 768w, https:\/\/onixchaveiro24horas.com.br\/wp-content\/uploads\/2023\/10\/63.jpg 950w\" sizes=\"(max-width: 300px) 100vw, 300px\" \/>\t\t\t\t\t\t\t\t\t\t\t\t\t\t\t<\/div>\n\t\t\t\t<\/div>\n\t\t\t\t<div class=\"elementor-element elementor-element-476d0e3 elementor-widget elementor-widget-heading\" data-id=\"476d0e3\" data-element_type=\"widget\" data-widget_type=\"heading.default\">\n\t\t\t\t<div class=\"elementor-widget-container\">\n\t\t\t<h2 class=\"elementor-heading-title elementor-size-default\">Fechaduras Eletr\u00f4nicas<\/h2>\t\t<\/div>\n\t\t\t\t<\/div>\n\t\t\t\t<\/div>\n\t\t<div class=\"elementor-element elementor-element-de41d42 e-con-full e-flex e-con e-child\" data-id=\"de41d42\" data-element_type=\"container\" data-settings=\"{&quot;content_width&quot;:&quot;full&quot;}\">\n\t\t\t\t<div class=\"elementor-element elementor-element-a0c5a2d elementor-widget elementor-widget-image\" data-id=\"a0c5a2d\" data-element_type=\"widget\" data-widget_type=\"image.default\">\n\t\t\t\t<div class=\"elementor-widget-container\">\n\t\t\t\t\t\t\t\t\t\t\t\t\t\t\t<img loading=\"lazy\" decoding=\"async\" width=\"300\" height=\"188\" src=\"https:\/\/onixchaveiro24horas.com.br\/wp-content\/uploads\/2023\/10\/chaveiro-profissional-1024x640-1-300x188.png\" class=\"attachment-medium size-medium wp-image-51\" alt=\"\" srcset=\"https:\/\/onixchaveiro24horas.com.br\/wp-content\/uploads\/2023\/10\/chaveiro-profissional-1024x640-1-300x188.png 300w, https:\/\/onixchaveiro24horas.com.br\/wp-content\/uploads\/2023\/10\/chaveiro-profissional-1024x640-1-768x480.png 768w, https:\/\/onixchaveiro24horas.com.br\/wp-content\/uploads\/2023\/10\/chaveiro-profissional-1024x640-1.png 1024w\" sizes=\"(max-width: 300px) 100vw, 300px\" \/>\t\t\t\t\t\t\t\t\t\t\t\t\t\t\t<\/div>\n\t\t\t\t<\/div>\n\t\t\t\t<div class=\"elementor-element elementor-element-7ac843d elementor-widget elementor-widget-heading\" data-id=\"7ac843d\" data-element_type=\"widget\" data-widget_type=\"heading.default\">\n\t\t\t\t<div class=\"elementor-widget-container\">\n\t\t\t<h2 class=\"elementor-heading-title elementor-size-default\">Troca de Segredo<\/h2>\t\t<\/div>\n\t\t\t\t<\/div>\n\t\t\t\t<\/div>\n\t\t\t\t\t<\/div>\n\t\t\t\t<\/div>\n\t\t<div class=\"elementor-element elementor-element-8dafe8e e-con-full e-flex e-con e-parent\" data-id=\"8dafe8e\" data-element_type=\"container\" data-settings=\"{&quot;content_width&quot;:&quot;full&quot;}\" data-core-v316-plus=\"true\">\n\t\t\t\t<div class=\"elementor-element elementor-element-00cc89c elementor-widget elementor-widget-heading\" data-id=\"00cc89c\" data-element_type=\"widget\" data-widget_type=\"heading.default\">\n\t\t\t\t<div class=\"elementor-widget-container\">\n\t\t\t<h2 class=\"elementor-heading-title elementor-size-xl\">Estamos a mais de 30 Anos no Mercado<\/h2>\t\t<\/div>\n\t\t\t\t<\/div>\n\t\t\t\t<div class=\"elementor-element elementor-element-07866dd elementor-widget elementor-widget-text-editor\" data-id=\"07866dd\" data-element_type=\"widget\" data-widget_type=\"text-editor.default\">\n\t\t\t\t<div class=\"elementor-widget-container\">\n\t\t\t\t\t\t\t<p><strong>Temos Funcion\u00e1rios em todos os Bairros do Rio de Janeiro.<\/strong><\/p><p><strong>Emitimos Notas Fiscais.<\/strong><\/p><p><strong>Garantia de 3 meses.<\/strong><\/p><p><strong>Atendimento 24 Horas de Dom \u00e1 Dom.<\/strong><\/p><p>\u00a0<\/p><p>\u00a0<\/p>\t\t\t\t\t\t<\/div>\n\t\t\t\t<\/div>\n\t\t\t\t<\/div>\n\t\t<div class=\"elementor-element elementor-element-82d5654 e-flex e-con-boxed e-con e-parent\" data-id=\"82d5654\" data-element_type=\"container\" data-settings=\"{&quot;content_width&quot;:&quot;boxed&quot;}\" data-core-v316-plus=\"true\">\n\t\t\t\t\t<div class=\"e-con-inner\">\n\t\t\t\t<div class=\"elementor-element elementor-element-33946b4 elementor-widget elementor-widget-heading\" data-id=\"33946b4\" data-element_type=\"widget\" data-widget_type=\"heading.default\">\n\t\t\t\t<div class=\"elementor-widget-container\">\n\t\t\t<h2 class=\"elementor-heading-title elementor-size-xxl\">(21) 9 8269-6882<\/h2>\t\t<\/div>\n\t\t\t\t<\/div>\n\t\t\t\t\t<\/div>\n\t\t\t\t<\/div>\n\t\t<div class=\"elementor-element elementor-element-fcce852 e-flex e-con-boxed e-con e-parent\" data-id=\"fcce852\" data-element_type=\"container\" data-settings=\"{&quot;content_width&quot;:&quot;boxed&quot;}\" data-core-v316-plus=\"true\">\n\t\t\t\t\t<div class=\"e-con-inner\">\n\t\t\t\t<div class=\"elementor-element elementor-element-32605a16 elementor-widget elementor-widget-heading\" data-id=\"32605a16\" data-element_type=\"widget\" data-widget_type=\"heading.default\">\n\t\t\t\t<div class=\"elementor-widget-container\">\n\t\t\t<h2 class=\"elementor-heading-title elementor-size-xl\">CENTRO - ZONA SUL - ZONA NORTE - ZONA OESTE <\/h2>\t\t<\/div>\n\t\t\t\t<\/div>\n\t\t\t\t\t<\/div>\n\t\t\t\t<\/div>\n\t\t<div class=\"elementor-element elementor-element-b1abbce e-flex e-con-boxed e-con e-parent\" data-id=\"b1abbce\" data-element_type=\"container\" data-settings=\"{&quot;content_width&quot;:&quot;boxed&quot;}\" data-core-v316-plus=\"true\">\n\t\t\t\t\t<div class=\"e-con-inner\">\n\t\t\t\t\t<\/div>\n\t\t\t\t<\/div>\n\t\t\t\t\t\t\t<\/div>\n\t\t","protected":false},"excerpt":{"rendered":"<p>LIGUE AGORA Whatsapp Atendimento Imediato Atendemos todos os bairros do Rio de Janeiro: Copacabana;\u00a0 Ipanema;\u00a0 Leblon;\u00a0 Leme;\u00a0 Humait\u00e1;\u00a0 Laranjeiras;\u00a0 Botafogo;\u00a0 Flamengo;\u00a0 Gl\u00f3ria;\u00a0 Centro RJ;\u00a0 Lapa;\u00a0 Catete;\u00a0 Santa Teresa;\u00a0 Rio Comprido;\u00a0 Tijuca;\u00a0 Meier;\u00a0 Vila Isabel;\u00a0 Barra da Tijuca, dentre outros&#8230; Tempo de chegada de 15 a 30 minutos. Nossos Servi\u00e7os Abertura de portas, troca de segredos,&hellip;<\/p>\n","protected":false},"author":1,"featured_media":0,"parent":0,"menu_order":0,"comment_status":"closed","ping_status":"closed","template":"","meta":{"footnotes":"","_joinchat":[]},"_links":{"self":[{"href":"https:\/\/onixchaveiro24horas.com.br\/index.php?rest_route=\/wp\/v2\/pages\/17"}],"collection":[{"href":"https:\/\/onixchaveiro24horas.com.br\/index.php?rest_route=\/wp\/v2\/pages"}],"about":[{"href":"https:\/\/onixchaveiro24horas.com.br\/index.php?rest_route=\/wp\/v2\/types\/page"}],"author":[{"embeddable":true,"href":"https:\/\/onixchaveiro24horas.com.br\/index.php?rest_route=\/wp\/v2\/users\/1"}],"replies":[{"embeddable":true,"href":"https:\/\/onixchaveiro24horas.com.br\/index.php?rest_route=%2Fwp%2Fv2%2Fcomments&post=17"}],"version-history":[{"count":107,"href":"https:\/\/onixchaveiro24horas.com.br\/index.php?rest_route=\/wp\/v2\/pages\/17\/revisions"}],"predecessor-version":[{"id":175,"href":"https:\/\/onixchaveiro24horas.com.br\/index.php?rest_route=\/wp\/v2\/pages\/17\/revisions\/175"}],"wp:attachment":[{"href":"https:\/\/onixchaveiro24horas.com.br\/index.php?rest_route=%2Fwp%2Fv2%2Fmedia&parent=17"}],"curies":[{"name":"wp","href":"https:\/\/api.w.org\/{rel}","templated":true}]}}